{"id":2023,"date":"2019-01-16T08:32:57","date_gmt":"2019-01-16T08:32:57","guid":{"rendered":"http:\/\/eurolingva.ro\/examene-cambridge\/"},"modified":"2023-05-18T15:06:18","modified_gmt":"2023-05-18T12:06:18","slug":"cambridge-exams","status":"publish","type":"page","link":"https:\/\/eurolingva.ro\/en\/cambridge-exams\/","title":{"rendered":"Cambridge Exams"},"content":{"rendered":"<p>[vc_row full_width=&#8221;stretch_row&#8221; css=&#8221;.vc_custom_1566390713250{background-color: #f1f1f1 !important;}&#8221;][vc_column css=&#8221;.vc_custom_1547458347958{padding-top: 0px !important;}&#8221;][vc_row_inner el_class=&#8221;inner-wrap&#8221;][vc_column_inner css=&#8221;.vc_custom_1547458132343{padding-top: 10px !important;padding-bottom: 10px !important;}&#8221;][vc_column_text css=&#8221;.vc_custom_1684411522116{margin-bottom: 0px !important;}&#8221; el_class=&#8221;breadcrumb&#8221;]<a href=\"\/\">Home<\/a> \/ Cambridge Exams[\/vc_column_text][\/vc_column_inner][\/vc_row_inner][\/vc_column][\/vc_row][vc_row full_width=&#8221;stretch_row&#8221; equal_height=&#8221;yes&#8221; content_placement=&#8221;middle&#8221; css=&#8221;.vc_custom_1566390722965{background-image: url(https:\/\/eurolingva.ro\/wp-content\/uploads\/2019\/01\/examene-cambridge-hero.jpg?id=189) !important;background-position: center !important;background-repeat: no-repeat !important;background-size: cover !important;}&#8221; el_class=&#8221;hero-inner-pages&#8221;][vc_column css=&#8221;.vc_custom_1547458410996{padding-top: 0px !important;}&#8221;][vc_row_inner content_placement=&#8221;middle&#8221; el_class=&#8221;inner-wrap&#8221;][vc_column_inner el_class=&#8221;inner-wrap&#8221; css=&#8221;.vc_custom_1547458270437{padding-top: 110px !important;padding-bottom: 110px !important;}&#8221;][vc_column_text css=&#8221;.vc_custom_1684411540517{margin-bottom: 0px !important;padding-bottom: 15px !important;}&#8221;]<\/p>\n<h2 class=\"inner-page-hero-title\"><span class=\"source-sans-pro-light\">Cambridge<\/span> Exams<\/h2>\n<p>[\/vc_column_text][vc_single_image image=&#8221;13150&#8243; img_size=&#8221;medium&#8221; css=&#8221;.vc_custom_1675157494311{margin-bottom: 0px !important;}&#8221;][\/vc_column_inner][\/vc_row_inner][\/vc_column][\/vc_row][vc_row][vc_column css=&#8221;.vc_custom_1547459569355{padding-top: 0px !important;}&#8221;][vc_custom_heading text=&#8221;Cambridge Exams Categories&#8221; use_theme_fonts=&#8221;yes&#8221; el_class=&#8221;exam-category-title&#8221;][\/vc_column][\/vc_row][vc_row css=&#8221;.vc_custom_1549290881138{margin-right: -9.5px !important;margin-left: -9.5px !important;}&#8221; el_class=&#8221;mobile-reverse-sidebar&#8221;][vc_column width=&#8221;1\/3&#8243; css=&#8221;.vc_custom_1547640762980{padding-right: 9.5px !important;padding-left: 9.5px !important;}&#8221;][vc_widget_sidebar sidebar_id=&#8221;sidebar-7&#8243;][vc_widget_sidebar sidebar_id=&#8221;sidebar-9&#8243;][vc_widget_sidebar sidebar_id=&#8221;sidebar-8&#8243;][\/vc_column][vc_column width=&#8221;2\/3&#8243; css=&#8221;.vc_custom_1547640813476{padding-right: 9.5px !important;padding-left: 9.5px !important;}&#8221;][vc_row_inner equal_height=&#8221;yes&#8221; content_placement=&#8221;top&#8221; css=&#8221;.vc_custom_1547638493550{margin-right: -9.5px !important;margin-left: -9.5px !important;}&#8221;][vc_column_inner el_class=&#8221;category-cell&#8221; width=&#8221;1\/2&#8243;][vc_custom_heading text=&#8221;Exams For Schools&#8221; font_container=&#8221;tag:h3|text_align:left&#8221; use_theme_fonts=&#8221;yes&#8221; el_class=&#8221;category-title&#8221;][vc_single_image image=&#8221;4002&#8243; img_size=&#8221;full&#8221; css=&#8221;.vc_custom_1565077501124{margin-bottom: 20px !important;}&#8221;][vc_column_text el_class=&#8221;description-container&#8221; css=&#8221;.vc_custom_1675161636457{margin-bottom: 20px !important;}&#8221;]<\/p>\n<div class=\"hidden\">Examene Cambridge pentru copii reprezint\u0103 o serie de teste antrenante de limba englez\u0103, destinate copiilor din ciclul primar \u0219i gimnazial. Exist\u0103 trei teste bazate pe activit\u0103\u021bi, care ofer\u0103 copiilor o direc\u021bie clar\u0103 pentru \u00eembun\u0103t\u0103\u021birea cuno\u0219tin\u021belor de limb\u0103 englez\u0103.<\/div>\n<ul>\n<li><a href=\"https:\/\/eurolingva.ro\/en\/cambridge-exams\/pre-a1-starters-yle-starters\/\">pre-A1 Starters<\/a><\/li>\n<li><a href=\"https:\/\/eurolingva.ro\/en\/cambridge-exams\/a1-movers-yle-movers\/\">A1 Movers<\/a><\/li>\n<li><a href=\"https:\/\/eurolingva.ro\/en\/cambridge-exams\/a2-flyers-yle-flyers\/\">A2 Flyers<\/a><\/li>\n<li><a href=\"https:\/\/eurolingva.ro\/en\/cambridge-exams\/a2-key-for-schools-ket\/\">A2 Key for Schools<\/a><\/li>\n<li><a href=\"https:\/\/eurolingva.ro\/en\/cambridge-exams\/b1-preliminary-for-schools-pet\/\">B1 Preliminary for Schools<\/a><\/li>\n<li><a href=\"https:\/\/eurolingva.ro\/en\/cambridge-exams\/b2-first-for-schools-fce\/\">B2 First for Schools<\/a><\/li>\n<li><a href=\"https:\/\/eurolingva.ro\/en\/cambridge-exams\/c1-advanced-cae\/\">C1 Advanced<\/a><\/li>\n<li><a href=\"https:\/\/eurolingva.ro\/en\/cambridge-exams\/c2-proficiency-cpe\/\">C2 Proficiency<\/a><\/li>\n<\/ul>\n<p>[\/vc_column_text][vc_column_text css=&#8221;.vc_custom_1675162143587{margin-bottom: 0px !important;}&#8221; el_class=&#8221;hidden&#8221;]<\/p>\n<div class=\"buttons-container\">\n<div class=\"vc_btn3-container vc_btn3-inline\"><a class=\"vc_general vc_btn3 vc_btn3-size-md vc_btn3-shape-square vc_btn3-style-custom vc_btn3-icon-right\" style=\"background-color: #ff1400; color: #ffffff;\" title=\"\" href=\"\/events\/\">Register for exam <i class=\"vc_btn3-icon fa fa-chevron-right\"><\/i><\/a><\/div>\n<\/div>\n<p>[\/vc_column_text][\/vc_column_inner][vc_column_inner el_class=&#8221;category-cell&#8221; width=&#8221;1\/2&#8243;][vc_custom_heading text=&#8221;General Exams&#8221; font_container=&#8221;tag:h3|text_align:left&#8221; use_theme_fonts=&#8221;yes&#8221; el_class=&#8221;category-title&#8221;][vc_single_image image=&#8221;4005&#8243; img_size=&#8221;full&#8221; css=&#8221;.vc_custom_1565077670564{margin-bottom: 20px !important;}&#8221;][vc_column_text el_class=&#8221;description-container&#8221; css=&#8221;.vc_custom_1675161815737{margin-bottom: 20px !important;}&#8221;]<\/p>\n<ul>\n<li><a href=\"https:\/\/eurolingva.ro\/en\/cambridge-exams\/a2-key-ket\/\">A2 Key<\/a><\/li>\n<li><a href=\"https:\/\/eurolingva.ro\/en\/cambridge-exams\/b1-preliminary-pet\/\">B1 Preliminary<\/a><\/li>\n<li><a href=\"https:\/\/eurolingva.ro\/en\/cambridge-exams\/b2-first-fce\/\">B2 First<\/a><\/li>\n<li><a href=\"https:\/\/eurolingva.ro\/en\/cambridge-exams\/c1-advanced-cae\/\">C1 Advanced<\/a><\/li>\n<li><a href=\"https:\/\/eurolingva.ro\/en\/cambridge-exams\/c2-proficiency-cpe\/\">C2 Proficiency<\/a><\/li>\n<li><a href=\"https:\/\/eurolingva.ro\/en\/cambridge-exams\/linguaskill-general\/\">Linguaskill<\/a><\/li>\n<\/ul>\n<p>[\/vc_column_text][vc_column_text css=&#8221;.vc_custom_1675162160267{margin-bottom: 0px !important;}&#8221; el_class=&#8221;hidden&#8221;]<\/p>\n<div class=\"buttons-container\">\n<div class=\"vc_btn3-container vc_btn3-inline\"><a class=\"vc_general vc_btn3 vc_btn3-size-md vc_btn3-shape-square vc_btn3-style-custom vc_btn3-icon-right\" style=\"background-color: #ff1400; color: #ffffff;\" title=\"\" href=\"\/events\/category\/examene-generale-si-pentru-scoli\/\">Register for exam <i class=\"vc_btn3-icon fa fa-chevron-right\"><\/i><\/a><\/div>\n<\/div>\n<p>[\/vc_column_text][\/vc_column_inner][\/vc_row_inner][vc_row_inner equal_height=&#8221;yes&#8221; content_placement=&#8221;top&#8221; css=&#8221;.vc_custom_1547638502783{margin-right: -9.5px !important;margin-left: -9.5px !important;}&#8221;][vc_column_inner el_class=&#8221;category-cell&#8221; width=&#8221;1\/2&#8243;][vc_custom_heading text=&#8221;Business Exams&#8221; font_container=&#8221;tag:h3|text_align:left&#8221; use_theme_fonts=&#8221;yes&#8221; el_class=&#8221;category-title&#8221;][vc_single_image image=&#8221;4008&#8243; img_size=&#8221;full&#8221; css=&#8221;.vc_custom_1565077744694{margin-bottom: 20px !important;}&#8221;][vc_column_text el_class=&#8221;description-container&#8221; css=&#8221;.vc_custom_1676378940419{margin-bottom: 20px !important;}&#8221;]<\/p>\n<ul>\n<li><a href=\"https:\/\/eurolingva.ro\/en\/cambridge-exams\/linguaskill-business\/\">Linguaskill Business<\/a><\/li>\n<\/ul>\n<p>[\/vc_column_text][vc_column_text css=&#8221;.vc_custom_1675162171111{margin-bottom: 0px !important;}&#8221; el_class=&#8221;hidden&#8221;]<\/p>\n<div class=\"buttons-container\">\n<div class=\"vc_btn3-container vc_btn3-inline\"><a class=\"vc_general vc_btn3 vc_btn3-size-md vc_btn3-shape-square vc_btn3-style-custom vc_btn3-icon-right\" style=\"background-color: #ff1400; color: #ffffff;\" title=\"\" href=\"\/events\/\">Register for exam <i class=\"vc_btn3-icon fa fa-chevron-right\"><\/i><\/a><\/div>\n<\/div>\n<p>[\/vc_column_text][\/vc_column_inner][vc_column_inner el_class=&#8221;category-cell&#8221; width=&#8221;1\/2&#8243;][vc_custom_heading text=&#8221;Exams For Teachers&#8221; font_container=&#8221;tag:h3|text_align:left&#8221; use_theme_fonts=&#8221;yes&#8221; el_class=&#8221;category-title&#8221;][vc_single_image image=&#8221;1946&#8243; img_size=&#8221;full&#8221; css=&#8221;.vc_custom_1547643268400{margin-bottom: 20px !important;}&#8221;][vc_column_text el_class=&#8221;description-container&#8221; css=&#8221;.vc_custom_1675162070147{margin-bottom: 20px !important;}&#8221;]<\/p>\n<ul>\n<li><a href=\"https:\/\/eurolingva.ro\/en\/cambridge-exams\/teaching-knowledge-test-tkt\/\">TKT: Module 1<\/a><\/li>\n<li><a href=\"https:\/\/eurolingva.ro\/en\/cambridge-exams\/teaching-knowledge-test-tkt\/\">TKT: Module 2<\/a><\/li>\n<li><a href=\"https:\/\/eurolingva.ro\/en\/cambridge-exams\/teaching-knowledge-test-tkt\/\">TKT: Module 3<\/a><\/li>\n<li><a href=\"https:\/\/eurolingva.ro\/en\/cambridge-exams\/teaching-knowledge-test-tkt\/\">TKT: CLIL<\/a><\/li>\n<li><a href=\"https:\/\/eurolingva.ro\/en\/cambridge-exams\/teaching-knowledge-test-tkt\/\">TKT: Young Learners<\/a><\/li>\n<\/ul>\n<p>[\/vc_column_text][vc_column_text css=&#8221;.vc_custom_1675162179840{margin-bottom: 0px !important;}&#8221; el_class=&#8221;hidden&#8221;]<\/p>\n<div class=\"buttons-container\">\n<div class=\"vc_btn3-container vc_btn3-inline\"><a class=\"vc_general vc_btn3 vc_btn3-size-md vc_btn3-shape-square vc_btn3-style-custom vc_btn3-icon-right\" style=\"background-color: #ff1400; color: #ffffff;\" title=\"\" href=\"\/events\/\">Register for exam <i class=\"vc_btn3-icon fa fa-chevron-right\"><\/i><\/a><\/div>\n<\/div>\n<p>[\/vc_column_text][\/vc_column_inner][\/vc_row_inner][\/vc_column][\/vc_row]<\/p>\n","protected":false},"excerpt":{"rendered":"<p>[vc_row full_width=&#8221;stretch_row&#8221; css=&#8221;.vc_custom_1566390713250{background-color: #f1f1f1 !important;}&#8221;][vc_column css=&#8221;.vc_custom_1547458347958{padding-top: 0px !important;}&#8221;][vc_row_inner el_class=&#8221;inner-wrap&#8221;][vc_column_inner css=&#8221;.vc_custom_1547458132343{padding-top: 10px !important;padding-bottom: 10px !important;}&#8221;][vc_column_text css=&#8221;.vc_custom_1684411522116{margin-bottom: 0px !important;}&#8221; el_class=&#8221;breadcrumb&#8221;]Home \/ Cambridge Exams[\/vc_column_text][\/vc_column_inner][\/vc_row_inner][\/vc_column][\/vc_row][vc_row full_width=&#8221;stretch_row&#8221; equal_height=&#8221;yes&#8221; content_placement=&#8221;middle&#8221; css=&#8221;.vc_custom_1566390722965{background-image: url(https:\/\/eurolingva.ro\/wp-content\/uploads\/2019\/01\/examene-cambridge-hero.jpg?id=189) !important;background-position: center !important;background-repeat: no-repeat !important;background-size: cover !important;}&#8221; el_class=&#8221;hero-inner-pages&#8221;][vc_column css=&#8221;.vc_custom_1547458410996{padding-top: 0px !important;}&#8221;][vc_row_inner content_placement=&#8221;middle&#8221; el_class=&#8221;inner-wrap&#8221;][vc_column_inner el_class=&#8221;inner-wrap&#8221; css=&#8221;.vc_custom_1547458270437{padding-top: 110px !important;padding-bottom: 110px !important;}&#8221;][vc_column_text css=&#8221;.vc_custom_1684411540517{margin-bottom: 0px !important;padding-bottom: 15px !important;}&#8221;] Cambridge Exams [\/vc_column_text][vc_single_image image=&#8221;13150&#8243; img_size=&#8221;medium&#8221; &hellip; <\/p>\n<p class=\"link-more\"><a href=\"https:\/\/eurolingva.ro\/en\/cambridge-exams\/\" class=\"more-link\">Continue reading<span class=\"screen-reader-text\"> &#8220;Cambridge Exams&#8221;<\/span><\/a><\/p>\n","protected":false},"author":1,"featured_media":0,"parent":0,"menu_order":0,"comment_status":"closed","ping_status":"closed","template":"templates\/template-cambridge-exams.php","meta":{"footnotes":""},"class_list":["post-2023","page","type-page","status-publish","hentry"],"yoast_head":"<!-- This site is optimized with the Yoast SEO plugin v27.4 - https:\/\/yoast.com\/product\/yoast-seo-wordpress\/ -->\n<title>Cambridge Exams - Eurolingva Examinations Centre<\/title>\n<meta name=\"description\" content=\"Cambridge Exams - Eurolingva Examinations Centre\" \/>\n<meta name=\"robots\" content=\"index, follow, max-snippet:-1, max-image-preview:large, max-video-preview:-1\" \/>\n<link rel=\"canonical\" href=\"https:\/\/eurolingva.ro\/en\/cambridge-exams\/\" \/>\n<meta property=\"og:locale\" content=\"en_US\" \/>\n<meta property=\"og:type\" content=\"article\" \/>\n<meta property=\"og:title\" content=\"Cambridge Exams - Eurolingva Examinations Centre\" \/>\n<meta property=\"og:description\" content=\"Cambridge Exams - Eurolingva Examinations Centre\" \/>\n<meta property=\"og:url\" content=\"https:\/\/eurolingva.ro\/en\/cambridge-exams\/\" \/>\n<meta property=\"og:site_name\" content=\"Eurolingva Examinations Centre\" \/>\n<meta property=\"article:publisher\" content=\"https:\/\/www.facebook.com\/eurolingva\" \/>\n<meta property=\"article:modified_time\" content=\"2023-05-18T12:06:18+00:00\" \/>\n<meta name=\"twitter:card\" content=\"summary_large_image\" \/>\n<meta name=\"twitter:label1\" content=\"Est. reading time\" \/>\n\t<meta name=\"twitter:data1\" content=\"4 minutes\" \/>\n<script type=\"application\/ld+json\" class=\"yoast-schema-graph\">{\"@context\":\"https:\\\/\\\/schema.org\",\"@graph\":[{\"@type\":\"WebPage\",\"@id\":\"https:\\\/\\\/eurolingva.ro\\\/en\\\/cambridge-exams\\\/\",\"url\":\"https:\\\/\\\/eurolingva.ro\\\/en\\\/cambridge-exams\\\/\",\"name\":\"Cambridge Exams - Eurolingva Examinations Centre\",\"isPartOf\":{\"@id\":\"https:\\\/\\\/eurolingva.ro\\\/en\\\/#website\"},\"datePublished\":\"2019-01-16T08:32:57+00:00\",\"dateModified\":\"2023-05-18T12:06:18+00:00\",\"description\":\"Cambridge Exams - Eurolingva Examinations Centre\",\"breadcrumb\":{\"@id\":\"https:\\\/\\\/eurolingva.ro\\\/en\\\/cambridge-exams\\\/#breadcrumb\"},\"inLanguage\":\"en-US\",\"potentialAction\":[{\"@type\":\"ReadAction\",\"target\":[\"https:\\\/\\\/eurolingva.ro\\\/en\\\/cambridge-exams\\\/\"]}]},{\"@type\":\"BreadcrumbList\",\"@id\":\"https:\\\/\\\/eurolingva.ro\\\/en\\\/cambridge-exams\\\/#breadcrumb\",\"itemListElement\":[{\"@type\":\"ListItem\",\"position\":1,\"name\":\"Prima pagin\u0103\",\"item\":\"https:\\\/\\\/eurolingva.ro\\\/en\\\/\"},{\"@type\":\"ListItem\",\"position\":2,\"name\":\"Cambridge Exams\"}]},{\"@type\":\"WebSite\",\"@id\":\"https:\\\/\\\/eurolingva.ro\\\/en\\\/#website\",\"url\":\"https:\\\/\\\/eurolingva.ro\\\/en\\\/\",\"name\":\"Eurolingva Examinations Centre\",\"description\":\"Examene Cambridge si materiale pregatire Cambridge\",\"publisher\":{\"@id\":\"https:\\\/\\\/eurolingva.ro\\\/en\\\/#organization\"},\"potentialAction\":[{\"@type\":\"SearchAction\",\"target\":{\"@type\":\"EntryPoint\",\"urlTemplate\":\"https:\\\/\\\/eurolingva.ro\\\/en\\\/?s={search_term_string}\"},\"query-input\":{\"@type\":\"PropertyValueSpecification\",\"valueRequired\":true,\"valueName\":\"search_term_string\"}}],\"inLanguage\":\"en-US\"},{\"@type\":\"Organization\",\"@id\":\"https:\\\/\\\/eurolingva.ro\\\/en\\\/#organization\",\"name\":\"Eurolingva Examinations Centre\",\"url\":\"https:\\\/\\\/eurolingva.ro\\\/en\\\/\",\"logo\":{\"@type\":\"ImageObject\",\"inLanguage\":\"en-US\",\"@id\":\"https:\\\/\\\/eurolingva.ro\\\/en\\\/#\\\/schema\\\/logo\\\/image\\\/\",\"url\":\"https:\\\/\\\/eurolingva.ro\\\/wp-content\\\/uploads\\\/2025\\\/05\\\/logo_eurolingva.webp\",\"contentUrl\":\"https:\\\/\\\/eurolingva.ro\\\/wp-content\\\/uploads\\\/2025\\\/05\\\/logo_eurolingva.webp\",\"width\":645,\"height\":250,\"caption\":\"Eurolingva Examinations Centre\"},\"image\":{\"@id\":\"https:\\\/\\\/eurolingva.ro\\\/en\\\/#\\\/schema\\\/logo\\\/image\\\/\"},\"sameAs\":[\"https:\\\/\\\/www.facebook.com\\\/eurolingva\",\"https:\\\/\\\/www.youtube.com\\\/channel\\\/UCBj1SS53CIE15FyXHl0SqHQ?view_as=subscriber\"]}]}<\/script>\n<!-- \/ Yoast SEO plugin. -->","yoast_head_json":{"title":"Cambridge Exams - Eurolingva Examinations Centre","description":"Cambridge Exams - Eurolingva Examinations Centre","robots":{"index":"index","follow":"follow","max-snippet":"max-snippet:-1","max-image-preview":"max-image-preview:large","max-video-preview":"max-video-preview:-1"},"canonical":"https:\/\/eurolingva.ro\/en\/cambridge-exams\/","og_locale":"en_US","og_type":"article","og_title":"Cambridge Exams - Eurolingva Examinations Centre","og_description":"Cambridge Exams - Eurolingva Examinations Centre","og_url":"https:\/\/eurolingva.ro\/en\/cambridge-exams\/","og_site_name":"Eurolingva Examinations Centre","article_publisher":"https:\/\/www.facebook.com\/eurolingva","article_modified_time":"2023-05-18T12:06:18+00:00","twitter_card":"summary_large_image","twitter_misc":{"Est. reading time":"4 minutes"},"schema":{"@context":"https:\/\/schema.org","@graph":[{"@type":"WebPage","@id":"https:\/\/eurolingva.ro\/en\/cambridge-exams\/","url":"https:\/\/eurolingva.ro\/en\/cambridge-exams\/","name":"Cambridge Exams - Eurolingva Examinations Centre","isPartOf":{"@id":"https:\/\/eurolingva.ro\/en\/#website"},"datePublished":"2019-01-16T08:32:57+00:00","dateModified":"2023-05-18T12:06:18+00:00","description":"Cambridge Exams - Eurolingva Examinations Centre","breadcrumb":{"@id":"https:\/\/eurolingva.ro\/en\/cambridge-exams\/#breadcrumb"},"inLanguage":"en-US","potentialAction":[{"@type":"ReadAction","target":["https:\/\/eurolingva.ro\/en\/cambridge-exams\/"]}]},{"@type":"BreadcrumbList","@id":"https:\/\/eurolingva.ro\/en\/cambridge-exams\/#breadcrumb","itemListElement":[{"@type":"ListItem","position":1,"name":"Prima pagin\u0103","item":"https:\/\/eurolingva.ro\/en\/"},{"@type":"ListItem","position":2,"name":"Cambridge Exams"}]},{"@type":"WebSite","@id":"https:\/\/eurolingva.ro\/en\/#website","url":"https:\/\/eurolingva.ro\/en\/","name":"Eurolingva Examinations Centre","description":"Examene Cambridge si materiale pregatire Cambridge","publisher":{"@id":"https:\/\/eurolingva.ro\/en\/#organization"},"potentialAction":[{"@type":"SearchAction","target":{"@type":"EntryPoint","urlTemplate":"https:\/\/eurolingva.ro\/en\/?s={search_term_string}"},"query-input":{"@type":"PropertyValueSpecification","valueRequired":true,"valueName":"search_term_string"}}],"inLanguage":"en-US"},{"@type":"Organization","@id":"https:\/\/eurolingva.ro\/en\/#organization","name":"Eurolingva Examinations Centre","url":"https:\/\/eurolingva.ro\/en\/","logo":{"@type":"ImageObject","inLanguage":"en-US","@id":"https:\/\/eurolingva.ro\/en\/#\/schema\/logo\/image\/","url":"https:\/\/eurolingva.ro\/wp-content\/uploads\/2025\/05\/logo_eurolingva.webp","contentUrl":"https:\/\/eurolingva.ro\/wp-content\/uploads\/2025\/05\/logo_eurolingva.webp","width":645,"height":250,"caption":"Eurolingva Examinations Centre"},"image":{"@id":"https:\/\/eurolingva.ro\/en\/#\/schema\/logo\/image\/"},"sameAs":["https:\/\/www.facebook.com\/eurolingva","https:\/\/www.youtube.com\/channel\/UCBj1SS53CIE15FyXHl0SqHQ?view_as=subscriber"]}]}},"_links":{"self":[{"href":"https:\/\/eurolingva.ro\/en\/wp-json\/wp\/v2\/pages\/2023","targetHints":{"allow":["GET"]}}],"collection":[{"href":"https:\/\/eurolingva.ro\/en\/wp-json\/wp\/v2\/pages"}],"about":[{"href":"https:\/\/eurolingva.ro\/en\/wp-json\/wp\/v2\/types\/page"}],"author":[{"embeddable":true,"href":"https:\/\/eurolingva.ro\/en\/wp-json\/wp\/v2\/users\/1"}],"replies":[{"embeddable":true,"href":"https:\/\/eurolingva.ro\/en\/wp-json\/wp\/v2\/comments?post=2023"}],"version-history":[{"count":0,"href":"https:\/\/eurolingva.ro\/en\/wp-json\/wp\/v2\/pages\/2023\/revisions"}],"wp:attachment":[{"href":"https:\/\/eurolingva.ro\/en\/wp-json\/wp\/v2\/media?parent=2023"}],"curies":[{"name":"wp","href":"https:\/\/api.w.org\/{rel}","templated":true}]}}